{"id":1795,"date":"2025-03-24T22:13:44","date_gmt":"2025-03-24T22:13:44","guid":{"rendered":"https:\/\/sariannika.fi\/?page_id=1795"},"modified":"2025-03-26T09:05:19","modified_gmt":"2025-03-26T09:05:19","slug":"suunnittelu","status":"publish","type":"page","link":"https:\/\/sariannika.fi\/?page_id=1795","title":{"rendered":"Suunnittelu"},"content":{"rendered":"\n<blockquote class=\"wp-block-quote is-layout-flow wp-block-quote-is-layout-flow\">\n<p>Kartonki taittuu, katsoo roskavuoren yli<br>\u2014 kohti kierr\u00e4tyst\u00e4<\/p>\n\n\n\n<!--more-->\n<\/blockquote>\n\n\n\n<p>Suunnittelu alkoi railakkaasti tekem\u00e4ll\u00e4 vanhoista pahvilaatikon j\u00e4mist\u00e4 prototyyppi\u00e4 tuotteiden mittaamisen j\u00e4lkeen. T\u00e4m\u00e4n j\u00e4lkeen laadin Illustratorissa mittasuunnitelmat tarvittaville laatikoille ja aloin tehd\u00e4 pakkauksille tiedostoja Artioscadissa. <\/p>\n\n\n\n<p>Muutamien mutkien kautta:<\/p>\n\n\n\n<p><strong>Prototyypit &#8211; korjaukset &#8211; valmiit lootat. PRAVO!<\/strong><\/p>\n\n\n\n<figure class=\"wp-block-gallery has-nested-images columns-default is-cropped wp-block-gallery-1 is-layout-flex wp-block-gallery-is-layout-flex\">\n<figure class=\"wp-block-image size-large is-style-default\"><img loading=\"lazy\" decoding=\"async\" width=\"1024\" height=\"1001\" data-id=\"1888\" src=\"https:\/\/sariannika.fi\/wp-content\/uploads\/2025\/03\/Gradia-laatikoiden-suunnitelmat_Paalta-1024x1001.jpg\" alt=\"\" class=\"wp-image-1888\" srcset=\"https:\/\/sariannika.fi\/wp-content\/uploads\/2025\/03\/Gradia-laatikoiden-suunnitelmat_Paalta-1024x1001.jpg 1024w, https:\/\/sariannika.fi\/wp-content\/uploads\/2025\/03\/Gradia-laatikoiden-suunnitelmat_Paalta-300x293.jpg 300w, https:\/\/sariannika.fi\/wp-content\/uploads\/2025\/03\/Gradia-laatikoiden-suunnitelmat_Paalta-768x751.jpg 768w, https:\/\/sariannika.fi\/wp-content\/uploads\/2025\/03\/Gradia-laatikoiden-suunnitelmat_Paalta.jpg 1134w\" sizes=\"auto, (max-width: 1024px) 100vw, 1024px\" \/><\/figure>\n\n\n\n<figure class=\"wp-block-image size-large\"><img loading=\"lazy\" decoding=\"async\" width=\"1024\" height=\"1001\" data-id=\"1889\" src=\"https:\/\/sariannika.fi\/wp-content\/uploads\/2025\/03\/Gradia-laatikoiden-suunnitelmat_Sivulta-1024x1001.jpg\" alt=\"\" class=\"wp-image-1889\" srcset=\"https:\/\/sariannika.fi\/wp-content\/uploads\/2025\/03\/Gradia-laatikoiden-suunnitelmat_Sivulta-1024x1001.jpg 1024w, https:\/\/sariannika.fi\/wp-content\/uploads\/2025\/03\/Gradia-laatikoiden-suunnitelmat_Sivulta-300x293.jpg 300w, https:\/\/sariannika.fi\/wp-content\/uploads\/2025\/03\/Gradia-laatikoiden-suunnitelmat_Sivulta-768x751.jpg 768w, https:\/\/sariannika.fi\/wp-content\/uploads\/2025\/03\/Gradia-laatikoiden-suunnitelmat_Sivulta.jpg 1134w\" sizes=\"auto, (max-width: 1024px) 100vw, 1024px\" \/><\/figure>\n\n\n\n<figure class=\"wp-block-image size-large\"><img loading=\"lazy\" decoding=\"async\" width=\"1024\" height=\"1007\" data-id=\"1887\" src=\"https:\/\/sariannika.fi\/wp-content\/uploads\/2025\/03\/Gradia-laatikoiden-suunnitelmat_Edesta-1024x1007.jpg\" alt=\"\" class=\"wp-image-1887\" srcset=\"https:\/\/sariannika.fi\/wp-content\/uploads\/2025\/03\/Gradia-laatikoiden-suunnitelmat_Edesta-1024x1007.jpg 1024w, https:\/\/sariannika.fi\/wp-content\/uploads\/2025\/03\/Gradia-laatikoiden-suunnitelmat_Edesta-300x295.jpg 300w, https:\/\/sariannika.fi\/wp-content\/uploads\/2025\/03\/Gradia-laatikoiden-suunnitelmat_Edesta-768x755.jpg 768w, https:\/\/sariannika.fi\/wp-content\/uploads\/2025\/03\/Gradia-laatikoiden-suunnitelmat_Edesta.jpg 1134w\" sizes=\"auto, (max-width: 1024px) 100vw, 1024px\" \/><\/figure>\n<\/figure>\n\n\n\n<div data-wp-interactive=\"core\/file\" class=\"wp-block-file\"><object data-wp-bind--hidden=\"!state.hasPdfPreview\" hidden class=\"wp-block-file__embed\" data=\"https:\/\/sariannika.fi\/wp-content\/uploads\/2025\/03\/raportti.pdf\" type=\"application\/pdf\" style=\"width:100%;height:600px\" aria-label=\"Tiedoston Pakkaussuunnitelma upotus.\"><\/object><a id=\"wp-block-file--media-1d7b734b-bdde-4b5c-84c8-eba9f6f7f820\" href=\"https:\/\/sariannika.fi\/wp-content\/uploads\/2025\/03\/raportti.pdf\">Pakkaussuunnitelma<\/a><a href=\"https:\/\/sariannika.fi\/wp-content\/uploads\/2025\/03\/raportti.pdf\" class=\"wp-block-file__button wp-element-button\" download aria-describedby=\"wp-block-file--media-1d7b734b-bdde-4b5c-84c8-eba9f6f7f820\">Lataa<\/a><\/div>\n","protected":false},"excerpt":{"rendered":"<p>Kartonki taittuu, katsoo roskavuoren yli\u2014 kohti kierr\u00e4tyst\u00e4<\/p>\n","protected":false},"author":1,"featured_media":0,"parent":0,"menu_order":0,"comment_status":"closed","ping_status":"closed","template":"","meta":{"footnotes":""},"class_list":["post-1795","page","type-page","status-publish","hentry"],"_links":{"self":[{"href":"https:\/\/sariannika.fi\/index.php?rest_route=\/wp\/v2\/pages\/1795","targetHints":{"allow":["GET"]}}],"collection":[{"href":"https:\/\/sariannika.fi\/index.php?rest_route=\/wp\/v2\/pages"}],"about":[{"href":"https:\/\/sariannika.fi\/index.php?rest_route=\/wp\/v2\/types\/page"}],"author":[{"embeddable":true,"href":"https:\/\/sariannika.fi\/index.php?rest_route=\/wp\/v2\/users\/1"}],"replies":[{"embeddable":true,"href":"https:\/\/sariannika.fi\/index.php?rest_route=%2Fwp%2Fv2%2Fcomments&post=1795"}],"version-history":[{"count":8,"href":"https:\/\/sariannika.fi\/index.php?rest_route=\/wp\/v2\/pages\/1795\/revisions"}],"predecessor-version":[{"id":1938,"href":"https:\/\/sariannika.fi\/index.php?rest_route=\/wp\/v2\/pages\/1795\/revisions\/1938"}],"wp:attachment":[{"href":"https:\/\/sariannika.fi\/index.php?rest_route=%2Fwp%2Fv2%2Fmedia&parent=1795"}],"curies":[{"name":"wp","href":"https:\/\/api.w.org\/{rel}","templated":true}]}}