{"id":1797,"date":"2025-03-24T22:13:34","date_gmt":"2025-03-24T22:13:34","guid":{"rendered":"https:\/\/sariannika.fi\/?page_id=1797"},"modified":"2025-03-26T17:51:50","modified_gmt":"2025-03-26T17:51:50","slug":"toteutus","status":"publish","type":"page","link":"https:\/\/sariannika.fi\/?page_id=1797","title":{"rendered":"Toteutus"},"content":{"rendered":"\n<blockquote class=\"wp-block-quote is-layout-flow wp-block-quote-is-layout-flow\">\n<p>Koneet k\u00e4ry\u00e4\u00e4, pahvi nauraa, sortuu taas<br>\u2014 pakkaus ikuinen<\/p>\n<\/blockquote>\n\n\n\n<!--more-->\n\n\n\n<p>Projektina tuotepakkaus, jonka sis\u00e4\u00e4n mahtuvat: Muki, hiirimatto, T-paita, kassi, vihko ja kyn\u00e4. Kyn\u00e4 sijoittuu pakkauksessa samaan laatikkoon kuin vihko, kiinnitettyn\u00e4 klipsill\u00e4\u00e4n vihkon reunakierteisiin.<\/p>\n\n\n\n<p>Valmistin pakkauksista yhdet protokappaleet, tein niihin tarvittavat muokkaukset ja leikkasin uudet versiot. Ne olivat mielest\u00e4ni aivan oivalliset ja jokseenkin sellaiset mihin alkuper\u00e4isess\u00e4 suunnitelmassani pyrin. <\/p>\n\n\n\n<p>Ajan niukkuuden vuoksi pakettien printit j\u00e4iv\u00e4t tiedostojen asteelle.<\/p>\n\n\n\n<p>Lopputulos olisi n\u00e4ytt\u00e4nyt t\u00e4lt\u00e4:<\/p>\n\n\n<style type=\"text\/css\">\n#foogallery-gallery-1948.fg-masonry { --fg-gutter: 10px; }<\/style>\n\t\t\t<div class=\"foogallery foogallery-container foogallery-masonry foogallery-lightbox-foogallery fg-center fg-masonry fg-ready fg-dark fg-shadow-small fg-loading-default fg-loaded-scale-up fg-caption-hover fg-hover-push fg-hover-plus fg-light-overlays fg-c-j fg-col3\" id=\"foogallery-gallery-1948\" data-foogallery=\"{&quot;item&quot;:{&quot;showCaptionTitle&quot;:true,&quot;showCaptionDescription&quot;:true},&quot;lazy&quot;:true}\" data-foogallery-lightbox=\"{&quot;thumbs&quot;:&quot;bottom&quot;,&quot;thumbsCaptions&quot;:false,&quot;thumbsBestFit&quot;:false,&quot;thumbsSmall&quot;:false,&quot;thumbsCaptionsAlign&quot;:&quot;default&quot;,&quot;info&quot;:&quot;bottom&quot;,&quot;infoVisible&quot;:true,&quot;infoOverlay&quot;:true,&quot;infoAlign&quot;:&quot;default&quot;,&quot;transition&quot;:&quot;fade&quot;,&quot;hoverButtons&quot;:false,&quot;fitMedia&quot;:false,&quot;noScrollbars&quot;:true,&quot;preserveButtonSpace&quot;:true,&quot;buttons&quot;:{&quot;fullscreen&quot;:true,&quot;info&quot;:true,&quot;thumbs&quot;:false},&quot;video&quot;:{&quot;autoPlay&quot;:true}}\" style=\"--fg-title-line-clamp: 0; --fg-description-line-clamp: 0;\" >\n\t\t<div class=\"fg-column-width\"><\/div>\n\t<div class=\"fg-gutter-width\"><\/div>\n\t\t<div class=\"fg-item fg-type-image fg-idle\"><figure class=\"fg-item-inner\"><a href=\"https:\/\/sariannika.fi\/wp-content\/uploads\/2025\/03\/Iso-loota_alaosa_sisus.jpg\" data-caption-title=\"Ison laatikon alaosa\" data-attachment-id=\"1915\" data-type=\"image\" class=\"fg-thumb\"><span class=\"fg-image-wrap\"><img fetchpriority=\"high\" decoding=\"async\" title=\"Ison laatikon alaosa\" width=\"250\" height=\"250\" class=\"skip-lazy fg-image\" data-src-fg=\"https:\/\/sariannika.fi\/wp-content\/uploads\/cache\/2025\/03\/Iso-loota_alaosa_sisus\/1101123026.jpg\" data-srcset-fg=\"https:\/\/sariannika.fi\/wp-content\/uploads\/cache\/2025\/03\/Iso-loota_alaosa_sisus\/4011552456.jpg 3x\" src=\"data:image\/svg+xml,%3Csvg%20xmlns%3D%22http%3A%2F%2Fwww.w3.org%2F2000%2Fsvg%22%20width%3D%22250%22%20height%3D%22250%22%20viewBox%3D%220%200%20250%20250%22%3E%3C%2Fsvg%3E\" loading=\"eager\"><\/span><span class=\"fg-image-overlay\"><\/span><\/a><figcaption class=\"fg-caption\"><div class=\"fg-caption-inner\"><div class=\"fg-caption-title\">Ison laatikon alaosa<\/div><\/div><\/figcaption><\/figure><div class=\"fg-loader\"><\/div><\/div><div class=\"fg-item fg-type-image fg-idle\"><figure class=\"fg-item-inner\"><a href=\"https:\/\/sariannika.fi\/wp-content\/uploads\/2025\/03\/Iso-loota_alaosa_sisus_2.jpg\" data-caption-title=\"Ison laatikon alaosa\" data-attachment-id=\"1916\" data-type=\"image\" class=\"fg-thumb\"><span class=\"fg-image-wrap\"><img decoding=\"async\" title=\"Ison laatikon alaosa\" width=\"250\" height=\"250\" class=\"skip-lazy fg-image\" data-src-fg=\"https:\/\/sariannika.fi\/wp-content\/uploads\/cache\/2025\/03\/Iso-loota_alaosa_sisus_2\/1700089958.jpg\" data-srcset-fg=\"https:\/\/sariannika.fi\/wp-content\/uploads\/cache\/2025\/03\/Iso-loota_alaosa_sisus_2\/2594698837.jpg 3x\" src=\"data:image\/svg+xml,%3Csvg%20xmlns%3D%22http%3A%2F%2Fwww.w3.org%2F2000%2Fsvg%22%20width%3D%22250%22%20height%3D%22250%22%20viewBox%3D%220%200%20250%20250%22%3E%3C%2Fsvg%3E\" loading=\"eager\"><\/span><span class=\"fg-image-overlay\"><\/span><\/a><figcaption class=\"fg-caption\"><div class=\"fg-caption-inner\"><div class=\"fg-caption-title\">Ison laatikon alaosa<\/div><\/div><\/figcaption><\/figure><div class=\"fg-loader\"><\/div><\/div><div class=\"fg-item fg-type-image fg-idle\"><figure class=\"fg-item-inner\"><a href=\"https:\/\/sariannika.fi\/wp-content\/uploads\/2025\/03\/Iso-loota_alaosa_sisus_3.jpg\" data-caption-title=\"Ison laatikon alaosa\" data-attachment-id=\"1909\" data-type=\"image\" class=\"fg-thumb\"><span class=\"fg-image-wrap\"><img decoding=\"async\" title=\"Ison laatikon alaosa\" width=\"250\" height=\"250\" class=\"skip-lazy fg-image\" data-src-fg=\"https:\/\/sariannika.fi\/wp-content\/uploads\/cache\/2025\/03\/Iso-loota_alaosa_sisus_3\/1377047471.jpg\" data-srcset-fg=\"https:\/\/sariannika.fi\/wp-content\/uploads\/cache\/2025\/03\/Iso-loota_alaosa_sisus_3\/2917578140.jpg 3x\" src=\"data:image\/svg+xml,%3Csvg%20xmlns%3D%22http%3A%2F%2Fwww.w3.org%2F2000%2Fsvg%22%20width%3D%22250%22%20height%3D%22250%22%20viewBox%3D%220%200%20250%20250%22%3E%3C%2Fsvg%3E\" loading=\"eager\"><\/span><span class=\"fg-image-overlay\"><\/span><\/a><figcaption class=\"fg-caption\"><div class=\"fg-caption-inner\"><div class=\"fg-caption-title\">Ison laatikon alaosa<\/div><\/div><\/figcaption><\/figure><div class=\"fg-loader\"><\/div><\/div><div class=\"fg-item fg-type-image fg-idle\"><figure class=\"fg-item-inner\"><a href=\"https:\/\/sariannika.fi\/wp-content\/uploads\/2025\/03\/Iso-loota_ylaosa_sisus.jpg\" data-caption-title=\"Ison laatikon yl\u00e4osa\" data-attachment-id=\"1911\" data-type=\"image\" class=\"fg-thumb\"><span class=\"fg-image-wrap\"><img decoding=\"async\" title=\"Ison laatikon yl\u00e4osa\" width=\"250\" height=\"250\" class=\"skip-lazy fg-image\" data-src-fg=\"https:\/\/sariannika.fi\/wp-content\/uploads\/cache\/2025\/03\/Iso-loota_ylaosa_sisus\/2611105288.jpg\" data-srcset-fg=\"https:\/\/sariannika.fi\/wp-content\/uploads\/cache\/2025\/03\/Iso-loota_ylaosa_sisus\/890826002.jpg 3x\" src=\"data:image\/svg+xml,%3Csvg%20xmlns%3D%22http%3A%2F%2Fwww.w3.org%2F2000%2Fsvg%22%20width%3D%22250%22%20height%3D%22250%22%20viewBox%3D%220%200%20250%20250%22%3E%3C%2Fsvg%3E\" loading=\"eager\"><\/span><span class=\"fg-image-overlay\"><\/span><\/a><figcaption class=\"fg-caption\"><div class=\"fg-caption-inner\"><div class=\"fg-caption-title\">Ison laatikon yl\u00e4osa<\/div><\/div><\/figcaption><\/figure><div class=\"fg-loader\"><\/div><\/div><div class=\"fg-item fg-type-image fg-idle\"><figure class=\"fg-item-inner\"><a href=\"https:\/\/sariannika.fi\/wp-content\/uploads\/2025\/03\/Iso-loota_ylaosa_sisus_2.jpg\" data-caption-title=\"Ison laatikon yl\u00e4osa\" data-attachment-id=\"1912\" data-type=\"image\" class=\"fg-thumb\"><span class=\"fg-image-wrap\"><img decoding=\"async\" title=\"Ison laatikon yl\u00e4osa\" width=\"250\" height=\"250\" class=\"skip-lazy fg-image\" data-src-fg=\"https:\/\/sariannika.fi\/wp-content\/uploads\/cache\/2025\/03\/Iso-loota_ylaosa_sisus_2\/1781757290.jpg\" data-srcset-fg=\"https:\/\/sariannika.fi\/wp-content\/uploads\/cache\/2025\/03\/Iso-loota_ylaosa_sisus_2\/2512507737.jpg 3x\" src=\"data:image\/svg+xml,%3Csvg%20xmlns%3D%22http%3A%2F%2Fwww.w3.org%2F2000%2Fsvg%22%20width%3D%22250%22%20height%3D%22250%22%20viewBox%3D%220%200%20250%20250%22%3E%3C%2Fsvg%3E\" loading=\"eager\"><\/span><span class=\"fg-image-overlay\"><\/span><\/a><figcaption class=\"fg-caption\"><div class=\"fg-caption-inner\"><div class=\"fg-caption-title\">Ison laatikon yl\u00e4osa<\/div><\/div><\/figcaption><\/figure><div class=\"fg-loader\"><\/div><\/div><div class=\"fg-item fg-type-image fg-idle\"><figure class=\"fg-item-inner\"><a href=\"https:\/\/sariannika.fi\/wp-content\/uploads\/2025\/03\/Iso-loota_sisus.jpg\" data-caption-title=\"Ison laatikon sis\u00e4holkki\" data-attachment-id=\"1910\" data-type=\"image\" class=\"fg-thumb\"><span class=\"fg-image-wrap\"><img decoding=\"async\" title=\"Ison laatikon sis\u00e4holkki\" width=\"250\" height=\"250\" class=\"skip-lazy fg-image\" data-src-fg=\"https:\/\/sariannika.fi\/wp-content\/uploads\/cache\/2025\/03\/Iso-loota_sisus\/1361270585.jpg\" data-srcset-fg=\"https:\/\/sariannika.fi\/wp-content\/uploads\/cache\/2025\/03\/Iso-loota_sisus\/3365373706.jpg 3x\" src=\"data:image\/svg+xml,%3Csvg%20xmlns%3D%22http%3A%2F%2Fwww.w3.org%2F2000%2Fsvg%22%20width%3D%22250%22%20height%3D%22250%22%20viewBox%3D%220%200%20250%20250%22%3E%3C%2Fsvg%3E\" loading=\"eager\"><\/span><span class=\"fg-image-overlay\"><\/span><\/a><figcaption class=\"fg-caption\"><div class=\"fg-caption-inner\"><div class=\"fg-caption-title\">Ison laatikon sis\u00e4holkki<\/div><\/div><\/figcaption><\/figure><div class=\"fg-loader\"><\/div><\/div><div class=\"fg-item fg-type-image fg-idle\"><figure class=\"fg-item-inner\"><a href=\"https:\/\/sariannika.fi\/wp-content\/uploads\/2025\/03\/Muki_lapinakyva.jpg\" data-caption-title=\"Mukilaatikko edest\u00e4\" data-attachment-id=\"1913\" data-type=\"image\" class=\"fg-thumb\"><span class=\"fg-image-wrap\"><img decoding=\"async\" title=\"Mukilaatikko edest\u00e4\" width=\"250\" height=\"250\" class=\"skip-lazy fg-image\" data-src-fg=\"https:\/\/sariannika.fi\/wp-content\/uploads\/cache\/2025\/03\/Muki_lapinakyva\/307006220.jpg\" data-srcset-fg=\"https:\/\/sariannika.fi\/wp-content\/uploads\/cache\/2025\/03\/Muki_lapinakyva\/2348309311.jpg 3x\" src=\"data:image\/svg+xml,%3Csvg%20xmlns%3D%22http%3A%2F%2Fwww.w3.org%2F2000%2Fsvg%22%20width%3D%22250%22%20height%3D%22250%22%20viewBox%3D%220%200%20250%20250%22%3E%3C%2Fsvg%3E\" loading=\"eager\"><\/span><span class=\"fg-image-overlay\"><\/span><\/a><figcaption class=\"fg-caption\"><div class=\"fg-caption-inner\"><div class=\"fg-caption-title\">Mukilaatikko edest\u00e4<\/div><\/div><\/figcaption><\/figure><div class=\"fg-loader\"><\/div><\/div><div class=\"fg-item fg-type-image fg-idle\"><figure class=\"fg-item-inner\"><a href=\"https:\/\/sariannika.fi\/wp-content\/uploads\/2025\/03\/Muki_lapinakyva_sisus.jpg\" data-caption-title=\"Mukilaatikon takaosa\" data-attachment-id=\"1944\" data-type=\"image\" class=\"fg-thumb\"><span class=\"fg-image-wrap\"><img decoding=\"async\" title=\"Mukilaatikon takaosa\" width=\"250\" height=\"250\" class=\"skip-lazy fg-image\" data-src-fg=\"https:\/\/sariannika.fi\/wp-content\/uploads\/cache\/2025\/03\/Muki_lapinakyva_sisus\/943982486.jpg\" data-srcset-fg=\"https:\/\/sariannika.fi\/wp-content\/uploads\/cache\/2025\/03\/Muki_lapinakyva_sisus\/1401771902.jpg 3x\" src=\"data:image\/svg+xml,%3Csvg%20xmlns%3D%22http%3A%2F%2Fwww.w3.org%2F2000%2Fsvg%22%20width%3D%22250%22%20height%3D%22250%22%20viewBox%3D%220%200%20250%20250%22%3E%3C%2Fsvg%3E\" loading=\"eager\"><\/span><span class=\"fg-image-overlay\"><\/span><\/a><figcaption class=\"fg-caption\"><div class=\"fg-caption-inner\"><div class=\"fg-caption-title\">Mukilaatikon takaosa<\/div><\/div><\/figcaption><\/figure><div class=\"fg-loader\"><\/div><\/div><div class=\"fg-item fg-type-image fg-idle\"><figure class=\"fg-item-inner\"><a href=\"https:\/\/sariannika.fi\/wp-content\/uploads\/2025\/03\/Mukilaatikko_sisaosa-1.jpg\" data-caption-title=\"Mukilaatikon sis\u00e4osa\" data-attachment-id=\"1917\" data-type=\"image\" class=\"fg-thumb\"><span class=\"fg-image-wrap\"><img decoding=\"async\" title=\"Mukilaatikon sis\u00e4osa\" width=\"250\" height=\"250\" class=\"skip-lazy fg-image\" data-src-fg=\"https:\/\/sariannika.fi\/wp-content\/uploads\/cache\/2025\/03\/Mukilaatikko_sisaosa-1\/1017013379.jpg\" data-srcset-fg=\"https:\/\/sariannika.fi\/wp-content\/uploads\/cache\/2025\/03\/Mukilaatikko_sisaosa-1\/2451883929.jpg 3x\" src=\"data:image\/svg+xml,%3Csvg%20xmlns%3D%22http%3A%2F%2Fwww.w3.org%2F2000%2Fsvg%22%20width%3D%22250%22%20height%3D%22250%22%20viewBox%3D%220%200%20250%20250%22%3E%3C%2Fsvg%3E\" loading=\"eager\"><\/span><span class=\"fg-image-overlay\"><\/span><\/a><figcaption class=\"fg-caption\"><div class=\"fg-caption-inner\"><div class=\"fg-caption-title\">Mukilaatikon sis\u00e4osa<\/div><\/div><\/figcaption><\/figure><div class=\"fg-loader\"><\/div><\/div><div class=\"fg-item fg-type-image fg-idle\"><figure class=\"fg-item-inner\"><a href=\"https:\/\/sariannika.fi\/wp-content\/uploads\/2025\/03\/Pitkat-lootat_t-paita.jpg\" data-caption-title=\"Pakkaus T-paidalle\" data-attachment-id=\"1919\" data-type=\"image\" class=\"fg-thumb\"><span class=\"fg-image-wrap\"><img decoding=\"async\" title=\"Pakkaus T-paidalle\" width=\"250\" height=\"250\" class=\"skip-lazy fg-image\" data-src-fg=\"https:\/\/sariannika.fi\/wp-content\/uploads\/cache\/2025\/03\/Pitkat-lootat_t-paita\/2264326069.jpg\" data-srcset-fg=\"https:\/\/sariannika.fi\/wp-content\/uploads\/cache\/2025\/03\/Pitkat-lootat_t-paita\/3980365661.jpg 3x\" src=\"data:image\/svg+xml,%3Csvg%20xmlns%3D%22http%3A%2F%2Fwww.w3.org%2F2000%2Fsvg%22%20width%3D%22250%22%20height%3D%22250%22%20viewBox%3D%220%200%20250%20250%22%3E%3C%2Fsvg%3E\" loading=\"eager\"><\/span><span class=\"fg-image-overlay\"><\/span><\/a><figcaption class=\"fg-caption\"><div class=\"fg-caption-inner\"><div class=\"fg-caption-title\">Pakkaus T-paidalle<\/div><\/div><\/figcaption><\/figure><div class=\"fg-loader\"><\/div><\/div><div class=\"fg-item fg-type-image fg-idle\"><figure class=\"fg-item-inner\"><a href=\"https:\/\/sariannika.fi\/wp-content\/uploads\/2025\/03\/Pitkat-lootat_hiirimatto.jpg\" data-caption-title=\"Pakkaus hiirimatolle\" data-attachment-id=\"1920\" data-type=\"image\" class=\"fg-thumb\"><span class=\"fg-image-wrap\"><img decoding=\"async\" title=\"Pakkaus hiirimatolle\" width=\"250\" height=\"250\" class=\"skip-lazy fg-image\" data-src-fg=\"https:\/\/sariannika.fi\/wp-content\/uploads\/cache\/2025\/03\/Pitkat-lootat_hiirimatto\/3683609201.jpg\" data-srcset-fg=\"https:\/\/sariannika.fi\/wp-content\/uploads\/cache\/2025\/03\/Pitkat-lootat_hiirimatto\/612224066.jpg 3x\" src=\"data:image\/svg+xml,%3Csvg%20xmlns%3D%22http%3A%2F%2Fwww.w3.org%2F2000%2Fsvg%22%20width%3D%22250%22%20height%3D%22250%22%20viewBox%3D%220%200%20250%20250%22%3E%3C%2Fsvg%3E\" loading=\"eager\"><\/span><span class=\"fg-image-overlay\"><\/span><\/a><figcaption class=\"fg-caption\"><div class=\"fg-caption-inner\"><div class=\"fg-caption-title\">Pakkaus hiirimatolle<\/div><\/div><\/figcaption><\/figure><div class=\"fg-loader\"><\/div><\/div><div class=\"fg-item fg-type-image fg-idle\"><figure class=\"fg-item-inner\"><a href=\"https:\/\/sariannika.fi\/wp-content\/uploads\/2025\/03\/Pitkat-lootat_kassi.jpg\" data-caption-title=\"Pakkaus kassille\" data-attachment-id=\"1918\" data-type=\"image\" class=\"fg-thumb\"><span class=\"fg-image-wrap\"><img decoding=\"async\" title=\"Pakkaus kassille\" width=\"250\" height=\"250\" class=\"skip-lazy fg-image\" data-src-fg=\"https:\/\/sariannika.fi\/wp-content\/uploads\/cache\/2025\/03\/Pitkat-lootat_kassi\/4202466048.jpg\" data-srcset-fg=\"https:\/\/sariannika.fi\/wp-content\/uploads\/cache\/2025\/03\/Pitkat-lootat_kassi\/2618403107.jpg 3x\" src=\"data:image\/svg+xml,%3Csvg%20xmlns%3D%22http%3A%2F%2Fwww.w3.org%2F2000%2Fsvg%22%20width%3D%22250%22%20height%3D%22250%22%20viewBox%3D%220%200%20250%20250%22%3E%3C%2Fsvg%3E\" loading=\"eager\"><\/span><span class=\"fg-image-overlay\"><\/span><\/a><figcaption class=\"fg-caption\"><div class=\"fg-caption-inner\"><div class=\"fg-caption-title\">Pakkaus kassille<\/div><\/div><\/figcaption><\/figure><div class=\"fg-loader\"><\/div><\/div><div class=\"fg-item fg-type-image fg-idle\"><figure class=\"fg-item-inner\"><a href=\"https:\/\/sariannika.fi\/wp-content\/uploads\/2025\/03\/Vihkoholkki_sisus.jpg\" data-caption-title=\"Vihko-holkki\" data-attachment-id=\"1914\" data-type=\"image\" class=\"fg-thumb\"><span class=\"fg-image-wrap\"><img decoding=\"async\" title=\"Vihko-holkki\" width=\"250\" height=\"250\" class=\"skip-lazy fg-image\" data-src-fg=\"https:\/\/sariannika.fi\/wp-content\/uploads\/cache\/2025\/03\/Vihkoholkki_sisus\/3080943441.jpg\" data-srcset-fg=\"https:\/\/sariannika.fi\/wp-content\/uploads\/cache\/2025\/03\/Vihkoholkki_sisus\/3306903809.jpg 3x\" src=\"data:image\/svg+xml,%3Csvg%20xmlns%3D%22http%3A%2F%2Fwww.w3.org%2F2000%2Fsvg%22%20width%3D%22250%22%20height%3D%22250%22%20viewBox%3D%220%200%20250%20250%22%3E%3C%2Fsvg%3E\" loading=\"eager\"><\/span><span class=\"fg-image-overlay\"><\/span><\/a><figcaption class=\"fg-caption\"><div class=\"fg-caption-inner\"><div class=\"fg-caption-title\">Vihko-holkki<\/div><\/div><\/figcaption><\/figure><div class=\"fg-loader\"><\/div><\/div><\/div>","protected":false},"excerpt":{"rendered":"<p>Koneet k\u00e4ry\u00e4\u00e4, pahvi nauraa, sortuu taas\u2014 pakkaus ikuinen<\/p>\n","protected":false},"author":1,"featured_media":0,"parent":0,"menu_order":0,"comment_status":"closed","ping_status":"closed","template":"","meta":{"footnotes":""},"class_list":["post-1797","page","type-page","status-publish","hentry"],"_links":{"self":[{"href":"https:\/\/sariannika.fi\/index.php?rest_route=\/wp\/v2\/pages\/1797","targetHints":{"allow":["GET"]}}],"collection":[{"href":"https:\/\/sariannika.fi\/index.php?rest_route=\/wp\/v2\/pages"}],"about":[{"href":"https:\/\/sariannika.fi\/index.php?rest_route=\/wp\/v2\/types\/page"}],"author":[{"embeddable":true,"href":"https:\/\/sariannika.fi\/index.php?rest_route=\/wp\/v2\/users\/1"}],"replies":[{"embeddable":true,"href":"https:\/\/sariannika.fi\/index.php?rest_route=%2Fwp%2Fv2%2Fcomments&post=1797"}],"version-history":[{"count":8,"href":"https:\/\/sariannika.fi\/index.php?rest_route=\/wp\/v2\/pages\/1797\/revisions"}],"predecessor-version":[{"id":1953,"href":"https:\/\/sariannika.fi\/index.php?rest_route=\/wp\/v2\/pages\/1797\/revisions\/1953"}],"wp:attachment":[{"href":"https:\/\/sariannika.fi\/index.php?rest_route=%2Fwp%2Fv2%2Fmedia&parent=1797"}],"curies":[{"name":"wp","href":"https:\/\/api.w.org\/{rel}","templated":true}]}}